{"id":136,"date":"2021-05-25T14:27:15","date_gmt":"2021-05-25T14:27:15","guid":{"rendered":"https:\/\/jadu.cl\/propiedades\/?page_id=136"},"modified":"2021-05-25T14:32:22","modified_gmt":"2021-05-25T14:32:22","slug":"remodelacion","status":"publish","type":"page","link":"https:\/\/jadu.cl\/propiedades\/remodelacion\/","title":{"rendered":"Remodelaci\u00f3n"},"content":{"rendered":"\n<div class=\"wp-block-columns is-layout-flex wp-container-core-columns-is-layout-9d6595d7 wp-block-columns-is-layout-flex\">\n<div class=\"wp-block-column is-layout-flow wp-block-column-is-layout-flow\" style=\"flex-basis:100%\">\n<div class=\"wp-block-columns is-layout-flex wp-container-core-columns-is-layout-9d6595d7 wp-block-columns-is-layout-flex\">\n<div class=\"wp-block-column is-vertically-aligned-top is-layout-flow wp-block-column-is-layout-flow\" style=\"flex-basis:100%\">\n<div class=\"wp-block-columns is-layout-flex wp-container-core-columns-is-layout-9d6595d7 wp-block-columns-is-layout-flex\">\n<div class=\"wp-block-column is-layout-flow wp-block-column-is-layout-flow\" style=\"flex-basis:66.66%\">\n<pre class=\"wp-block-preformatted\"><span class=\"has-inline-color has-vivid-green-cyan-color\"><strong>Casas, Oficinas y Departamentos.<\/strong>\n<\/span>Nos encargamos de dejar tu casa, oficina o departamento como nuevo para el momento de su venta, cambiando las principales terminaciones como:\n- Papel\n- Alfombra\n- Piso\n- Pintura\n- Encimeras<\/pre>\n<\/div>\n\n\n\n<div class=\"wp-block-column is-layout-flow wp-block-column-is-layout-flow\" style=\"flex-basis:33.33%\">\n<figure class=\"wp-block-image size-large\"><img decoding=\"async\" width=\"400\" height=\"300\" src=\"https:\/\/jadu.cl\/propiedades\/wp-content\/uploads\/2021\/05\/remodela1.jpg\" alt=\"\" class=\"wp-image-140\" srcset=\"https:\/\/jadu.cl\/propiedades\/wp-content\/uploads\/2021\/05\/remodela1-200x150.jpg 200w, https:\/\/jadu.cl\/propiedades\/wp-content\/uploads\/2021\/05\/remodela1-300x225.jpg 300w, https:\/\/jadu.cl\/propiedades\/wp-content\/uploads\/2021\/05\/remodela1.jpg 400w\" sizes=\"(max-width: 400px) 100vw, 400px\" \/><\/figure>\n<\/div>\n<\/div>\n<\/div>\n<\/div>\n<\/div>\n<\/div>\n\n\n\n<hr class=\"wp-block-separator\"\/>\n\n\n\n<div class=\"wp-block-columns is-layout-flex wp-container-core-columns-is-layout-9d6595d7 wp-block-columns-is-layout-flex\">\n<div class=\"wp-block-column is-layout-flow wp-block-column-is-layout-flow\" style=\"flex-basis:66.66%\">\n<pre class=\"wp-block-preformatted\"><span class=\"has-inline-color has-vivid-green-cyan-color\"><strong>Reparaci\u00f3n de Encimeras\n<\/strong><\/span>Reparaci\u00f3n, mantenci\u00f3n e instalaci\u00f3n de encimeras. Contamos con 15 a\u00f1os de experiencia trabajos garantizados. Domicilio en Santiago Centro- Providencia. Vemos todas las marcas. Atenci\u00f3n de Lunes a Domingo.\nAgende su visita: +56 993279003\n<\/pre>\n<\/div>\n\n\n\n<div class=\"wp-block-column is-layout-flow wp-block-column-is-layout-flow\" style=\"flex-basis:33.33%\">\n<figure class=\"wp-block-image size-large\"><img decoding=\"async\" width=\"400\" height=\"300\" src=\"https:\/\/jadu.cl\/propiedades\/wp-content\/uploads\/2021\/05\/encimera.jpg\" alt=\"\" class=\"wp-image-145\" srcset=\"https:\/\/jadu.cl\/propiedades\/wp-content\/uploads\/2021\/05\/encimera-200x150.jpg 200w, https:\/\/jadu.cl\/propiedades\/wp-content\/uploads\/2021\/05\/encimera-300x225.jpg 300w, https:\/\/jadu.cl\/propiedades\/wp-content\/uploads\/2021\/05\/encimera.jpg 400w\" sizes=\"(max-width: 400px) 100vw, 400px\" \/><\/figure>\n<\/div>\n<\/div>\n","protected":false},"excerpt":{"rendered":"<p>Casas, Oficinas y Departamentos. Nos encargamos de dejar tu casa, [&hellip;]<\/p>\n","protected":false},"author":1,"featured_media":0,"parent":0,"menu_order":0,"comment_status":"closed","ping_status":"closed","template":"","meta":{"_monsterinsights_skip_tracking":false,"_monsterinsights_sitenote_active":false,"_monsterinsights_sitenote_note":"","_monsterinsights_sitenote_category":0,"footnotes":""},"class_list":["post-136","page","type-page","status-publish","hentry"],"_links":{"self":[{"href":"https:\/\/jadu.cl\/propiedades\/wp-json\/wp\/v2\/pages\/136","targetHints":{"allow":["GET"]}}],"collection":[{"href":"https:\/\/jadu.cl\/propiedades\/wp-json\/wp\/v2\/pages"}],"about":[{"href":"https:\/\/jadu.cl\/propiedades\/wp-json\/wp\/v2\/types\/page"}],"author":[{"embeddable":true,"href":"https:\/\/jadu.cl\/propiedades\/wp-json\/wp\/v2\/users\/1"}],"replies":[{"embeddable":true,"href":"https:\/\/jadu.cl\/propiedades\/wp-json\/wp\/v2\/comments?post=136"}],"version-history":[{"count":5,"href":"https:\/\/jadu.cl\/propiedades\/wp-json\/wp\/v2\/pages\/136\/revisions"}],"predecessor-version":[{"id":146,"href":"https:\/\/jadu.cl\/propiedades\/wp-json\/wp\/v2\/pages\/136\/revisions\/146"}],"wp:attachment":[{"href":"https:\/\/jadu.cl\/propiedades\/wp-json\/wp\/v2\/media?parent=136"}],"curies":[{"name":"wp","href":"https:\/\/api.w.org\/{rel}","templated":true}]}}