{"id":42,"date":"2021-05-25T00:48:25","date_gmt":"2021-05-25T00:48:25","guid":{"rendered":"https:\/\/jadu.cl\/propiedades\/?page_id=42"},"modified":"2023-10-04T10:34:33","modified_gmt":"2023-10-04T14:34:33","slug":"nosotros","status":"publish","type":"page","link":"https:\/\/jadu.cl\/propiedades\/nosotros\/","title":{"rendered":"Nosotros"},"content":{"rendered":"\n<p>Somos una empresa boutique del corretaje de propiedades, especialista en asesoramiento en compra, venta y arriendo de bienes ra\u00edces, tanto amoblados como vac\u00edos que nace de la inquietud de profesionales ligados a la industria de la construcci\u00f3n e inmobiliaria que identificaron una oportunidad de mejorar el servicio y el acompa\u00f1amiento a los nuevos inversionistas j\u00f3venes y clientes en general.<\/p>\n\n\n\n<h4 class=\"wp-block-heading\"><strong>\u00abNuestro objetivo es brindar un servicio de excelencia, cercano, profesional y eficaz\u00bb.<\/strong><\/h4>\n\n\n\n<hr class=\"wp-block-separator has-css-opacity\"\/>\n\n\n\n<p><\/p>\n","protected":false},"excerpt":{"rendered":"<p>Somos una empresa boutique del corretaje de propiedades, especialista en [&hellip;]<\/p>\n","protected":false},"author":1,"featured_media":0,"parent":0,"menu_order":0,"comment_status":"closed","ping_status":"closed","template":"","meta":{"_monsterinsights_skip_tracking":false,"_monsterinsights_sitenote_active":false,"_monsterinsights_sitenote_note":"","_monsterinsights_sitenote_category":0,"footnotes":""},"class_list":["post-42","page","type-page","status-publish","hentry"],"_links":{"self":[{"href":"https:\/\/jadu.cl\/propiedades\/wp-json\/wp\/v2\/pages\/42","targetHints":{"allow":["GET"]}}],"collection":[{"href":"https:\/\/jadu.cl\/propiedades\/wp-json\/wp\/v2\/pages"}],"about":[{"href":"https:\/\/jadu.cl\/propiedades\/wp-json\/wp\/v2\/types\/page"}],"author":[{"embeddable":true,"href":"https:\/\/jadu.cl\/propiedades\/wp-json\/wp\/v2\/users\/1"}],"replies":[{"embeddable":true,"href":"https:\/\/jadu.cl\/propiedades\/wp-json\/wp\/v2\/comments?post=42"}],"version-history":[{"count":6,"href":"https:\/\/jadu.cl\/propiedades\/wp-json\/wp\/v2\/pages\/42\/revisions"}],"predecessor-version":[{"id":489,"href":"https:\/\/jadu.cl\/propiedades\/wp-json\/wp\/v2\/pages\/42\/revisions\/489"}],"wp:attachment":[{"href":"https:\/\/jadu.cl\/propiedades\/wp-json\/wp\/v2\/media?parent=42"}],"curies":[{"name":"wp","href":"https:\/\/api.w.org\/{rel}","templated":true}]}}